{"id":8,"date":"2023-08-27T17:56:01","date_gmt":"2023-08-27T17:56:01","guid":{"rendered":"https:\/\/harpers-inn.de\/?page_id=8"},"modified":"2025-04-17T15:07:30","modified_gmt":"2025-04-17T15:07:30","slug":"about","status":"publish","type":"page","link":"https:\/\/harpers-inn.de\/?page_id=8","title":{"rendered":"About"},"content":{"rendered":"\n<p class=\"has-text-align-left\">Wir sind Harper&#8217;s Inn, 6 Musiker*innen, die sich neben eigenen St\u00fccken auch durch einige Jahrzehnte der Rock- und Popmusik spielen. Im Vordergrund steht hier immer der Spass und die musikalische Begeisterung. <\/p>\n\n\n\n<p class=\"has-text-align-left\">Harper&#8217;s Inn entstanden zum Teil aus der Vorg\u00e4ngerband \u201eCRAWLS\u201c die seit 2002 musikalisch aktiv war und unter diesem Namen u.a. auch beim Kulturfest in der Nordweststadt Karlsruhe regelm\u00e4\u00dfig aufgetreten sind. Dann 2018, gab es aus gesundheitlichen, sowie privaten Gr\u00fcnden einige Wechsel in der Besetzung. Wir wollten einen Neuanfang und so wurde aus den \u00fcbrig gebliebenen &#8222;Crawls&#8220; und unseren neuen Mit-Musikern dann Schlussendlich &#8222;Harper&#8217;s Inn&#8220;.<\/p>\n\n\n\n<h2 class=\"wp-block-heading\">Das sind wir<\/h2>\n\n\n\n<div class=\"wp-block-group is-layout-grid wp-container-core-group-is-layout-0e82c502 wp-block-group-is-layout-grid\">\n<figure class=\"wp-block-image size-large is-style-rounded wp-container-content-574e1f9d\" style=\"margin-right:var(--wp--preset--spacing--x-small);margin-left:var(--wp--preset--spacing--x-small)\"><img loading=\"lazy\" decoding=\"async\" width=\"678\" height=\"1024\" src=\"https:\/\/harpers-inn.de\/wp-content\/uploads\/2023\/08\/DSC_1896-678x1024.jpg\" alt=\"\" class=\"wp-image-78\" style=\"aspect-ratio:1;object-fit:cover\" srcset=\"https:\/\/harpers-inn.de\/wp-content\/uploads\/2023\/08\/DSC_1896-678x1024.jpg 678w, https:\/\/harpers-inn.de\/wp-content\/uploads\/2023\/08\/DSC_1896-199x300.jpg 199w, https:\/\/harpers-inn.de\/wp-content\/uploads\/2023\/08\/DSC_1896-768x1160.jpg 768w, https:\/\/harpers-inn.de\/wp-content\/uploads\/2023\/08\/DSC_1896-1017x1536.jpg 1017w, https:\/\/harpers-inn.de\/wp-content\/uploads\/2023\/08\/DSC_1896-1356x2048.jpg 1356w, https:\/\/harpers-inn.de\/wp-content\/uploads\/2023\/08\/DSC_1896-2000x3020.jpg 2000w, https:\/\/harpers-inn.de\/wp-content\/uploads\/2023\/08\/DSC_1896-scaled.jpg 1696w\" sizes=\"auto, (max-width: 678px) 100vw, 678px\" \/><figcaption class=\"wp-element-caption\">Unsere<strong> <\/strong>Lead Voice <strong>Conny<\/strong>, war schon in unserer vorherigen Gruppe &#8222;The Crawls&#8220; dabei und geh\u00f6rt damit auch zu den Urgesteinen unserer Band. Sie liebt Rock und Popsongs, ihr heimlicher Favorit sind Soul St\u00fccke. Sie singt aus vollem Herzen und liebt es wenn die Zuschauer tanzen.<\/figcaption><\/figure>\n\n\n\n<figure class=\"wp-block-image size-large is-style-rounded\" style=\"margin-right:var(--wp--preset--spacing--x-small);margin-left:var(--wp--preset--spacing--x-small)\"><img loading=\"lazy\" decoding=\"async\" width=\"678\" height=\"1024\" src=\"https:\/\/harpers-inn.de\/wp-content\/uploads\/2023\/08\/DSC_1887-678x1024.jpg\" alt=\"\" class=\"wp-image-76\" style=\"aspect-ratio:1;object-fit:cover\" srcset=\"https:\/\/harpers-inn.de\/wp-content\/uploads\/2023\/08\/DSC_1887-678x1024.jpg 678w, https:\/\/harpers-inn.de\/wp-content\/uploads\/2023\/08\/DSC_1887-199x300.jpg 199w, https:\/\/harpers-inn.de\/wp-content\/uploads\/2023\/08\/DSC_1887-768x1160.jpg 768w, https:\/\/harpers-inn.de\/wp-content\/uploads\/2023\/08\/DSC_1887-1017x1536.jpg 1017w, https:\/\/harpers-inn.de\/wp-content\/uploads\/2023\/08\/DSC_1887-1356x2048.jpg 1356w, https:\/\/harpers-inn.de\/wp-content\/uploads\/2023\/08\/DSC_1887-2000x3020.jpg 2000w, https:\/\/harpers-inn.de\/wp-content\/uploads\/2023\/08\/DSC_1887-scaled.jpg 1696w\" sizes=\"auto, (max-width: 678px) 100vw, 678px\" \/><figcaption class=\"wp-element-caption\">Unser <strong>Peter<\/strong> ist der \u00c4lteste unserer Band, er ist mit Herz und Seele Gitarrist und das h\u00f6rt man. Aber auch am Mikro l\u00e4sst er sich ab und an als Backvocal h\u00f6ren. Peter ist ein Urgestein dieser Band und auch der vorangegangenen Band &#8222;The Crawls&#8220;.<\/figcaption><\/figure>\n\n\n\n<figure class=\"wp-block-image size-large is-style-rounded\" style=\"margin-top:0;margin-right:var(--wp--preset--spacing--x-small);margin-bottom:0;margin-left:var(--wp--preset--spacing--x-small)\"><img loading=\"lazy\" decoding=\"async\" width=\"678\" height=\"1024\" src=\"https:\/\/harpers-inn.de\/wp-content\/uploads\/2023\/08\/DSC_1881-scaled-e1693240189813-678x1024.jpg\" alt=\"\" class=\"wp-image-75\" style=\"aspect-ratio:1;object-fit:cover\" srcset=\"https:\/\/harpers-inn.de\/wp-content\/uploads\/2023\/08\/DSC_1881-scaled-e1693240189813-678x1024.jpg 678w, https:\/\/harpers-inn.de\/wp-content\/uploads\/2023\/08\/DSC_1881-scaled-e1693240189813-199x300.jpg 199w, https:\/\/harpers-inn.de\/wp-content\/uploads\/2023\/08\/DSC_1881-scaled-e1693240189813-768x1159.jpg 768w, https:\/\/harpers-inn.de\/wp-content\/uploads\/2023\/08\/DSC_1881-scaled-e1693240189813-1018x1536.jpg 1018w, https:\/\/harpers-inn.de\/wp-content\/uploads\/2023\/08\/DSC_1881-scaled-e1693240189813-1357x2048.jpg 1357w, https:\/\/harpers-inn.de\/wp-content\/uploads\/2023\/08\/DSC_1881-scaled-e1693240189813.jpg 1696w\" sizes=\"auto, (max-width: 678px) 100vw, 678px\" \/><figcaption class=\"wp-element-caption\">Der zweite Gitarrist unserer Band ist<strong> Andy<\/strong>, er ist ein Virtuose an der Gitarre und spielt sich die Seele aus dem Leib. Auch er traut sich regelm\u00e4\u00dfig ans Mikro und sing einige St\u00fccke als Leadvocal. Er ist wie auch Peter ein Urgestein dieser Band und unserer alten Combo &#8222;The Crawls&#8220;.<\/figcaption><\/figure>\n<\/div>\n\n\n\n<div style=\"height:30px\" aria-hidden=\"true\" class=\"wp-block-spacer\"><\/div>\n\n\n\n<div class=\"wp-block-group is-layout-grid wp-container-core-group-is-layout-0e82c502 wp-block-group-is-layout-grid\">\n<figure class=\"wp-block-image size-large is-style-rounded wp-container-content-574e1f9d\" style=\"margin-right:var(--wp--preset--spacing--x-small);margin-left:var(--wp--preset--spacing--x-small)\"><img loading=\"lazy\" decoding=\"async\" width=\"1024\" height=\"678\" src=\"https:\/\/harpers-inn.de\/wp-content\/uploads\/2023\/08\/DSC_1870-1024x678.jpg\" alt=\"\" class=\"wp-image-70\" style=\"aspect-ratio:1;object-fit:cover\" srcset=\"https:\/\/harpers-inn.de\/wp-content\/uploads\/2023\/08\/DSC_1870-1024x678.jpg 1024w, https:\/\/harpers-inn.de\/wp-content\/uploads\/2023\/08\/DSC_1870-300x199.jpg 300w, https:\/\/harpers-inn.de\/wp-content\/uploads\/2023\/08\/DSC_1870-768x509.jpg 768w, https:\/\/harpers-inn.de\/wp-content\/uploads\/2023\/08\/DSC_1870-1536x1017.jpg 1536w, https:\/\/harpers-inn.de\/wp-content\/uploads\/2023\/08\/DSC_1870-2048x1356.jpg 2048w, https:\/\/harpers-inn.de\/wp-content\/uploads\/2023\/08\/DSC_1870-2000x1325.jpg 2000w\" sizes=\"auto, (max-width: 1024px) 100vw, 1024px\" \/><figcaption class=\"wp-element-caption\">Der Mann am Bass ist unser <strong>Stephan<\/strong>, er ist auch seit Anfang an bei uns dabei. Er ist mit Leib und Seele Bassist, aber er kann nicht nur Bass spielen, sondern er kann auch die Gitarre b\u00e4ndigen.<\/figcaption><\/figure>\n\n\n\n<figure class=\"wp-block-image size-full is-style-rounded\" style=\"margin-right:var(--wp--preset--spacing--x-small);margin-left:var(--wp--preset--spacing--x-small)\"><img loading=\"lazy\" decoding=\"async\" width=\"800\" height=\"888\" src=\"https:\/\/harpers-inn.de\/wp-content\/uploads\/2023\/08\/max.jpg\" alt=\"\" class=\"wp-image-109\" style=\"aspect-ratio:1;object-fit:cover\" srcset=\"https:\/\/harpers-inn.de\/wp-content\/uploads\/2023\/08\/max.jpg 800w, https:\/\/harpers-inn.de\/wp-content\/uploads\/2023\/08\/max-270x300.jpg 270w, https:\/\/harpers-inn.de\/wp-content\/uploads\/2023\/08\/max-768x852.jpg 768w\" sizes=\"auto, (max-width: 800px) 100vw, 800px\" \/><figcaption class=\"wp-element-caption\">An den Tasten findet man unser j\u00fcngstes Bandmitglied <strong>Max<\/strong>, er ist seit 2022 ein Teil unserer Band. Er haut kr\u00e4ftig in die Tasten und mit seinen Kl\u00e4ngen bereichert er unsere Musik.<\/figcaption><\/figure>\n\n\n\n<figure class=\"wp-block-image size-full is-style-rounded wp-container-content-574e1f9d\" style=\"margin-right:var(--wp--preset--spacing--x-small);margin-left:var(--wp--preset--spacing--x-small)\"><img loading=\"lazy\" decoding=\"async\" width=\"720\" height=\"522\" src=\"https:\/\/harpers-inn.de\/wp-content\/uploads\/2025\/04\/WhatsApp-Image-2025-04-17-at-16.27.26-edited.jpeg\" alt=\"\" class=\"wp-image-181\" style=\"aspect-ratio:1;object-fit:cover\" srcset=\"https:\/\/harpers-inn.de\/wp-content\/uploads\/2025\/04\/WhatsApp-Image-2025-04-17-at-16.27.26-edited.jpeg 720w, https:\/\/harpers-inn.de\/wp-content\/uploads\/2025\/04\/WhatsApp-Image-2025-04-17-at-16.27.26-edited-300x218.jpeg 300w\" sizes=\"auto, (max-width: 720px) 100vw, 720px\" \/><figcaption class=\"wp-element-caption\">Seit 2024 ist  <strong>Armin<\/strong> unser Mann f\u00fcr den Groove. Ein leidenschaftlicher Trommler der unglaubliche Dynamik und Professionalit\u00e4t mitbringt. Er ist Gr\u00fcndungsmitglied und Drummer der bekannten Band &#8222;Dorfkombo&#8220;. Wir sch\u00e4tzen uns sehr gl\u00fccklich, dass er mit uns Musik macht.<\/figcaption><\/figure>\n<\/div>\n\n\n\n<div style=\"height:35px\" aria-hidden=\"true\" class=\"wp-block-spacer\"><\/div>\n\n\n\n<div style=\"height:40px\" aria-hidden=\"true\" class=\"wp-block-spacer\"><\/div>\n","protected":false},"excerpt":{"rendered":"<p>Wir sind Harper&#8217;s Inn, 6 Musiker*innen, die sich neben eigenen St\u00fccken auch durch einige Jahrzehnte der Rock- und Popmusik spielen. Im Vordergrund steht hier immer der Spass und die musikalische Begeisterung. Harper&#8217;s Inn entstanden zum Teil aus der Vorg\u00e4ngerband \u201eCRAWLS\u201c die seit 2002 musikalisch aktiv war und unter diesem Namen u.a. auch beim Kulturfest in &hellip; <\/p>\n<p class=\"link-more\"><a href=\"https:\/\/harpers-inn.de\/?page_id=8\" class=\"more-link\">Mehr <span class=\"screen-reader-text\">\u00fcber &#8222;About&#8220; <\/span>Lesen<\/a><\/p>\n","protected":false},"author":1,"featured_media":0,"parent":0,"menu_order":0,"comment_status":"closed","ping_status":"closed","template":"","meta":{"footnotes":""},"class_list":["post-8","page","type-page","status-publish","hentry"],"_links":{"self":[{"href":"https:\/\/harpers-inn.de\/index.php?rest_route=\/wp\/v2\/pages\/8","targetHints":{"allow":["GET"]}}],"collection":[{"href":"https:\/\/harpers-inn.de\/index.php?rest_route=\/wp\/v2\/pages"}],"about":[{"href":"https:\/\/harpers-inn.de\/index.php?rest_route=\/wp\/v2\/types\/page"}],"author":[{"embeddable":true,"href":"https:\/\/harpers-inn.de\/index.php?rest_route=\/wp\/v2\/users\/1"}],"replies":[{"embeddable":true,"href":"https:\/\/harpers-inn.de\/index.php?rest_route=%2Fwp%2Fv2%2Fcomments&post=8"}],"version-history":[{"count":26,"href":"https:\/\/harpers-inn.de\/index.php?rest_route=\/wp\/v2\/pages\/8\/revisions"}],"predecessor-version":[{"id":184,"href":"https:\/\/harpers-inn.de\/index.php?rest_route=\/wp\/v2\/pages\/8\/revisions\/184"}],"wp:attachment":[{"href":"https:\/\/harpers-inn.de\/index.php?rest_route=%2Fwp%2Fv2%2Fmedia&parent=8"}],"curies":[{"name":"wp","href":"https:\/\/api.w.org\/{rel}","templated":true}]}}